{"id":16,"date":"2021-01-08T16:19:20","date_gmt":"2021-01-08T16:19:20","guid":{"rendered":"https:\/\/websitehosting-u-s-a.com\/mesmerize\/"},"modified":"2021-01-09T14:21:29","modified_gmt":"2021-01-09T14:21:29","slug":"mesmerize","status":"publish","type":"page","link":"https:\/\/websitehosting-u-s-a.com\/mx\/","title":{"rendered":"Front Page"},"content":{"rendered":"<div  id=\"overlappable-4\" style=\"background-color: #ffffff;\" data-label=\"Overlappable\" data-id=\"overlappable-4\" data-export-id=\"overlappable-4\" data-category=\"overlappable\" class=\"overlappable-4 content-section content-section-spacing\" data-overlap=\"true\"><div  class=\"gridContainer\"> <div  data-type=\"row\" class=\"row spaced-cols text-center\"><div  class=\"col-xs-12 col-sm-4 col-padding\"> <i  class=\"fa icon shadow-large-black aligncenter color1 fa-rocket reverse round large\"><\/i> <div  data-type=\"column\" class=\"\"> <h5  class=\"\">ALOJAMIENTO WEB<\/h5> <\/div> <\/div> <div  class=\"col-xs-12 col-sm-4 col-padding\"> <i  class=\"fa icon shadow-large-black aligncenter color1 fa-user-secret reverse round large\"><\/i> <div  data-type=\"column\" class=\"\"><h5  class=\"\">PROTECCI\u00d3N DE DDOS <\/h5> <\/div> <\/div> <div  class=\"col-xs-12 col-sm-4 col-padding\"> <i  class=\"fa icon shadow-large-black aligncenter color1 fa-server reverse round large\"><\/i> <div  data-type=\"column\" class=\"\"><h5  class=\"\">ALQUILER DE SERVIDOR Y VPS<\/h5> <\/div> <\/div><\/div> <\/div><\/div><div  id=\"about-1\" style=\"background-color: #f5fafd;\" data-label=\"About\" data-id=\"about-1\" data-export-id=\"about-1\" data-category=\"about\" class=\"about-1 content-section\"><div  class=\"gridContainer\"> <div  class=\"row text-center\"><div  class=\"section-title-col\" data-type=\"column\"> <h5  class=\"\">WELCOME TO YOU ON MY WEBSITE&nbsp;<\/h5> <h2  class=\"\">\u00bfQUIERES LA MEJOR SOLUCI\u00d3N?<\/h2> <p  class=\"lead\">Con nuestros servidores basados en Hong-Hong. Nos ofrecemos la posibilidad de tener un sitio web seguro y protegido&nbsp;<\/p><\/div> <\/div> <div  class=\"row\"> <div  class=\"button-holder space-bottom space-bottom-small\" data-type=\"column\"> <\/div> <div  class=\"col-xs bottom-xs flexbox image-group-bottom-3-img space-bottom-xs center-xs\"> <img  class=\"left-img shadow-large-black\" data-size=\"500x300\" src=\"https:\/\/websitehosting-u-s-a.com\/mx\/wp-content\/uploads\/2021\/01\/cropped-web-hosting-servers.jpg\" title=\"cropped-web-hosting-servers.jpg\" alt=\"\"> <img  class=\"center-img shadow-large-black\" data-size=\"500x300\" src=\"https:\/\/websitehosting-u-s-a.com\/mx\/wp-content\/uploads\/2021\/01\/cropped-1_iRWPd_FUuS1NWMRzvW7s8w.jpeg\" title=\"cropped-1_iRWPd_FUuS1NWMRzvW7s8w.jpeg\" alt=\"\"> <img  class=\"right-img shadow-large-black\" data-size=\"500x300\" src=\"https:\/\/websitehosting-u-s-a.com\/mx\/wp-content\/uploads\/2021\/01\/cropped-2017-09-19-11.48.22.jpg\" title=\"cropped-2017-09-19-11.48.22.jpg\" alt=\"\"><\/div> <\/div><\/div> <\/div><div  id=\"features-3\" style=\"background-color: #ffffff;\" data-label=\"Features\" data-id=\"features-12-card-bordered\" data-export-id=\"features-12-card-bordered\" data-category=\"features\" class=\"features-12-card-bordered content-section content-section-spacing \"><div  class=\"gridContainer\"> <div  class=\"row text-center\"><div  class=\"section-title-col\" data-type=\"column\"> <h2  class=\"\">\u00bfC\u00d3MO PODEMOS AYUDARTE?<\/h2> <\/div> <\/div> <div  class=\"row spaced-cols\" data-type=\"row\"> <div  class=\"col-sm-6\"> <div  class=\"card row-card bordered y-move\"> <div  class=\"row\"> <div  class=\"col-sm-fit icon-column\"> <i  class=\"fa icon color2 fa-user-secret bordered round\"><\/i> <\/div> <div  class=\"col-sm\" data-type=\"column\"> <h5  class=\"color2\">SEGURIDAD DE LA TIERRA<\/h5> <p  class=\"\">Con nuestro sistema, se sabe que tiene una verdadera seguridad para su sitio web.<\/p><\/div> <\/div><\/div> <\/div> <div  class=\"col-sm-6\"> <div  class=\"card row-card bordered y-move\"> <div  class=\"row\"> <div  class=\"col-sm-fit icon-column\"> <i  class=\"fa icon fa-codepen round bordered color2\"><\/i> <\/div> <div  class=\"col-sm\" data-type=\"column\"> <h5  class=\"color2\">ALOJAMIENTO WEB<\/h5> <p  class=\"\">Descubra nuestro r\u00e1pido alojamiento web y optimizado en la carga de tiempo para los mejores motores de b\u00fasqueda<\/p><\/div> <\/div><\/div> <\/div>  <\/div> <\/div><\/div><div  id=\"content-13\" style=\"background-color: #f5fafd;\" data-label=\"Content\" data-id=\"content-2\" data-export-id=\"content-2\" data-category=\"content\" class=\"content-2 content-section content-section-spacing\"><div > <div  class=\"row middle-xs\"><div  class=\"col-sm-5 bg-image shadow-large-black\" data-bg=\"image\" style=\"background-image: url(&quot;https:\/\/websitehosting-u-s-a.com\/mx\/wp-content\/uploads\/2021\/01\/cropped-2017-09-19-11.48.22-1.jpg&quot;);\"><\/div> <div  class=\"col-sm-7 full-col-left-padding full-col-right-padding\"> <div  class=\"row\"> <div  data-type=\"column\" class=\"space-bottom-small content-title-col\"> <h5  class=\"\">CONOCER M\u00c1S INFORMACI\u00d3N SOBRE NOSOTROS<\/h5> <h2  class=\"\">NUESTRAS HABILIDADES EN LA WEB<\/h2> <p  class=\"\">Desde hace quince a\u00f1os, estamos en la universidad de hospedaje web y en el alquiler de un servidor dedicado con base en Hong-Kong<\/p><\/div> <\/div> <div  class=\"row spaced-cols \" data-type=\"row\"> <div  class=\"col-xs-6\" data-type=\"column\"> <h5  class=\"\">ALOJAMIENTO WEB<\/h5> <\/div> <div  class=\"col-xs-6\" data-type=\"column\"><h5  class=\"\">R\u00c1PIDO Y SEGURO<\/h5> <\/div> <div  class=\"col-xs-6\" data-type=\"column\"><h5  class=\"\">FECHA SEGURA <\/h5> <\/div> <div  class=\"col-xs-6\" data-type=\"column\"><h5  class=\"\">SERVIDOR OPTIMIZADO<\/h5> <\/div> <\/div><\/div> <\/div><\/div> <\/div><div  id=\"cta-1\" data-label=\"Cta\" data-id=\"cta-blue-section\" data-export-id=\"cta-blue-section\" data-category=\"cta\" class=\"cta-blue-section content-section content-section-spacing-medium bg-color1 white-text\"><div  class=\"gridContainer\"> <div  class=\"row middle-xs\"><div  class=\"col-sm-8 space-bottom-xs\" data-type=\"column\"> <h2  class=\"\">KODDOS NUESTRO MEJOR SOCIO<\/h2> <\/div> <div  class=\"col-sm-4 end-sm\" data-type=\"column\"> <a class=\"button color2\" href=\"https:\/\/es.koddos.net\" target=\"_blank\" data-cp-link=\"1\" rel=\"noopener\">Soluci\u00f3n KODDOS Anti DDOS<\/a><\/div> <\/div><\/div> <\/div><div  id=\"content-14\" style=\"background-color: #ffffff;\" data-label=\"Content\" data-id=\"content-3\" data-export-id=\"content-3\" data-category=\"content\" class=\"content-3 content-section content-section-spacing\"><div > <div  class=\"row middle-xs\"><div  class=\"col-sm-7 full-col-left-padding full-col-right-padding\"> <div  class=\"row\"><div  data-type=\"column\" class=\"space-bottom-small content-title-col\"> <h5  class=\"\">CON QUE TRABAJO NOSOTROS?<br ><\/h5> <h2  class=\"\">LAS MEJORES HERRAMIENTAS PARA TI <\/h2> <p  class=\"\">Trabajamos con el mejor software para la seguridad inform\u00e1tica con el mejor panel de control seguro para su servidor dedicado o su sitio web.<\/p><\/div> <\/div> <div  class=\"row spaced-cols\" data-type=\"row\"> <div  class=\"col-xs-6\" data-type=\"column\"> <h5  class=\"\">WORDPRESS Y JUMLA<\/h5> <\/div> <div  class=\"col-xs-6\" data-type=\"column\"><h5  class=\"\">MAGENTO &amp; PRESTASHOP<\/h5> <\/div> <div  class=\"col-xs-6\" data-type=\"column\"><h5  class=\"\">HMTL 5 Y PHP&nbsp;<\/h5> <\/div> <div  class=\"col-xs-6\" data-type=\"column\"><h5  class=\"\">C-PANEL Y PLESK<\/h5> <\/div> <\/div><\/div> <div  class=\"col-sm-5 bg-image shadow-large-black revert-classes-holder\" data-bg=\"image\" style=\"background-image: url(&quot;https:\/\/websitehosting-u-s-a.com\/mx\/wp-content\/uploads\/2021\/01\/cropped-1_iRWPd_FUuS1NWMRzvW7s8w-1.jpeg&quot;);\"><\/div><\/div> <\/div><\/div><div  id=\"testimonials-5\" style=\"background-color: #ffffff;\" data-label=\"Testimonials\" data-id=\"testimonials-5\" data-export-id=\"testimonials-5\" data-category=\"testimonials\" class=\"testimonials-5 content-section content-section-spacing\"><div  class=\"gridContainer\"> <div  class=\"row\"><div  data-type=\"column\" class=\"section-title-col\"> <h2  class=\"\">Testimonios de clientes<\/h2> <\/div> <\/div> <div  class=\"row spaced-cols content-center-sm\" data-type=\"row\"> <div  class=\"col-sm-4\"> <div  class=\"card y-move bordered\" data-type=\"column\"> <i  class=\"fa fa-quote-right icon color1 small quotation-icon\"><\/i> <p  class=\"text-center\">Como administrador de servidores linux &#8220;je precise&#8221; y especialista en seguridad inform\u00e1tica, quiero lo mejor para m\u00ed y mis clientes. Aqu\u00ed se hace con usted.<\/p> <img  src=\"https:\/\/websitehosting-u-s-a.com\/mx\/wp-content\/uploads\/2021\/01\/cropped-John.jpg\" class=\"round icon\" title=\"cropped-John.jpg\" alt=\"\"> <h6  class=\"\">JOHN<\/h6> <p  class=\"small italic\">Administrador del servidor<\/p><\/div> <\/div> <div  class=\"col-sm-4\"> <div  class=\"card y-move bordered\" data-type=\"column\"> <i  class=\"fa fa-quote-right icon color1 small quotation-icon\"><\/i> <p  class=\"text-center\">5 a\u00f1os que he estado trabajando con este sitio para mis clientes, mis clientes y yo estamos muy satisfechos.<\/p> <img  src=\"https:\/\/websitehosting-u-s-a.com\/mx\/wp-content\/uploads\/2021\/01\/cropped-Madison.jpg\" class=\"round icon\" title=\"cropped-Madison.jpg\" alt=\"\"> <h6  class=\"\">MADISON<\/h6> <p  class=\"small italic\">Experto en SEO<\/p><\/div> <\/div> <div  class=\"col-sm-4\"> <div  class=\"card y-move bordered\" data-type=\"column\"> <i  class=\"fa fa-quote-right icon color1 small quotation-icon\"><\/i> <p  class=\"text-center\">Verdaderamente en la cima un servicio completo es totalmente seguro para nosotros y nuestros queridos clientes.<\/p> <img  src=\"https:\/\/websitehosting-u-s-a.com\/mx\/wp-content\/uploads\/2021\/01\/cropped-luke.jpg\" class=\"round icon\" title=\"cropped-luke.jpg\" alt=\"\"> <h6  class=\"\">LUKE<\/h6> <p  class=\"small italic\">CEO Agencia Web <\/p><\/div> <\/div><\/div> <\/div><\/div><div  id=\"contact-1\" data-label=\"Contact\" data-id=\"contact-1\" data-export-id=\"contact-1\" data-category=\"contact\" class=\"contact-1 content-section content-section-spacing white-text\" data-parallax-depth=\"20\" style=\"background-size: cover; background-position: center top; background-image: url(&quot;https:\/\/websitehosting-u-s-a.com\/mx\/wp-content\/uploads\/2021\/01\/2017-09-19-11.48.22.jpg&quot;);\"><div  class=\"gridContainer\"> <div  class=\"row text-center\"><div  class=\"section-title-col\" data-type=\"column\"> <h2  class=\"\">\u00bfDESEA CONTACTARNOS?<\/h2> <p  class=\"lead\">Obtenga f\u00e1cilmente informaci\u00f3n para tener una buena elecci\u00f3n para su futuro servidor.<\/p><\/div> <\/div> <div  class=\"row text-center\"> <div  class=\"col-xs-12 col-sm-8 col-sm-offset-2 contact-form-wrapper inline-info\"> <div  class=\"card large-padding\"> <div  class=\"\" data-content-shortcode=\"mesmerize_contact_form shortcode=&quot;wpforms id=&amp;amp;quot;33&amp;amp;quot;&quot;\" data-editable=\"true\"><div class=\"wpforms-container wpforms-container-full\" id=\"wpforms-33\"><form id=\"wpforms-form-33\" class=\"wpforms-validate wpforms-form\" data-formid=\"33\" method=\"post\" enctype=\"multipart\/form-data\" action=\"\/mx\/wp-json\/wp\/v2\/pages\/16\" data-token=\"7a79979c2215db45937c6bc346474e12\"><noscript class=\"wpforms-error-noscript\">Please enable JavaScript in your browser to complete this form.<\/noscript><div class=\"wpforms-field-container\"><div id=\"wpforms-33-field_0-container\" class=\"wpforms-field wpforms-field-name\" data-field-id=\"0\"><label class=\"wpforms-field-label\" for=\"wpforms-33-field_0\">Nombre y apellido <span class=\"wpforms-required-label\">*<\/span><\/label><input type=\"text\" id=\"wpforms-33-field_0\" class=\"wpforms-field-medium wpforms-field-required\" name=\"wpforms[fields][0]\" required><\/div><div id=\"wpforms-33-field_1-container\" class=\"wpforms-field wpforms-field-email\" data-field-id=\"1\"><label class=\"wpforms-field-label\" for=\"wpforms-33-field_1\">Correo electr\u00f3nico <span class=\"wpforms-required-label\">*<\/span><\/label><input type=\"email\" id=\"wpforms-33-field_1\" class=\"wpforms-field-medium wpforms-field-required\" name=\"wpforms[fields][1]\" required><\/div><div id=\"wpforms-33-field_2-container\" class=\"wpforms-field wpforms-field-textarea\" data-field-id=\"2\"><label class=\"wpforms-field-label\" for=\"wpforms-33-field_2\">Su mensaje <span class=\"wpforms-required-label\">*<\/span><\/label><textarea id=\"wpforms-33-field_2\" class=\"wpforms-field-medium wpforms-field-required\" name=\"wpforms[fields][2]\" required><\/textarea><\/div><\/div><div class=\"wpforms-submit-container\" ><input type=\"hidden\" name=\"wpforms[id]\" value=\"33\"><input type=\"hidden\" name=\"wpforms[author]\" value=\"1\"><button type=\"submit\" name=\"wpforms[submit]\" class=\"wpforms-submit \" id=\"wpforms-submit-33\" value=\"wpforms-submit\" aria-live=\"assertive\" data-alt-text=\"ENVIAR\" data-submit-text=\"ENVIAR\">ENVIAR<\/button><\/div><\/form><\/div>  <!-- .wpforms-container --><\/div><\/div> <\/div><\/div> <\/div><\/div>","protected":false},"excerpt":{"rendered":"<p>ALOJAMIENTO WEB PROTECCI\u00d3N DE DDOS ALQUILER DE SERVIDOR Y VPS WELCOME TO YOU ON MY WEBSITE&nbsp; \u00bfQUIERES LA MEJOR SOLUCI\u00d3N? Con nuestros servidores basados en Hong-Hong. Nos ofrecemos la posibilidad de tener un sitio web seguro y protegido&nbsp; \u00bfC\u00d3MO PODEMOS AYUDARTE? SEGURIDAD DE LA TIERRA Con nuestro sistema, se sabe que tiene una verdadera seguridad&hellip; <br \/> <a class=\"read-more\" href=\"https:\/\/websitehosting-u-s-a.com\/mx\/\">Read more<\/a><\/p>\n","protected":false},"author":1,"featured_media":0,"parent":0,"menu_order":0,"comment_status":"closed","ping_status":"closed","template":"page-templates\/homepage.php","meta":[],"_links":{"self":[{"href":"https:\/\/websitehosting-u-s-a.com\/mx\/wp-json\/wp\/v2\/pages\/16"}],"collection":[{"href":"https:\/\/websitehosting-u-s-a.com\/mx\/wp-json\/wp\/v2\/pages"}],"about":[{"href":"https:\/\/websitehosting-u-s-a.com\/mx\/wp-json\/wp\/v2\/types\/page"}],"author":[{"embeddable":true,"href":"https:\/\/websitehosting-u-s-a.com\/mx\/wp-json\/wp\/v2\/users\/1"}],"replies":[{"embeddable":true,"href":"https:\/\/websitehosting-u-s-a.com\/mx\/wp-json\/wp\/v2\/comments?post=16"}],"version-history":[{"count":7,"href":"https:\/\/websitehosting-u-s-a.com\/mx\/wp-json\/wp\/v2\/pages\/16\/revisions"}],"predecessor-version":[{"id":66,"href":"https:\/\/websitehosting-u-s-a.com\/mx\/wp-json\/wp\/v2\/pages\/16\/revisions\/66"}],"wp:attachment":[{"href":"https:\/\/websitehosting-u-s-a.com\/mx\/wp-json\/wp\/v2\/media?parent=16"}],"curies":[{"name":"wp","href":"https:\/\/api.w.org\/{rel}","templated":true}]}}